{"id":148,"date":"2012-03-06T20:43:11","date_gmt":"2012-03-06T19:43:11","guid":{"rendered":"http:\/\/zighed.com\/blog\/?page_id=148"},"modified":"2012-04-12T16:59:03","modified_gmt":"2012-04-12T14:59:03","slug":"autres-activites","status":"publish","type":"page","link":"http:\/\/zighed.com\/?page_id=148","title":{"rendered":"Autres activit\u00e9s"},"content":{"rendered":"<ul>\n<li><a href=\"http:\/\/zighed.com\/?page_id=152\">Comit\u00e9 de Programme de Conf\u00e9rences<\/a><\/li>\n<li>Conf\u00e9rencier invit\u00e9<\/li>\n<li><a href=\"http:\/\/zighed.com\/?page_id=295\">Organisation de manifestations<\/a><\/li>\n<li><a href=\"http:\/\/zighed.com\/?page_id=351\">Expertises<\/a><\/li>\n<li><a href=\"http:\/\/zighed.com\/?page_id=164\">Associations<\/a><\/li>\n<li><a href=\"http:\/\/zighed.com\/?page_id=166\">Relecteur de revues<\/a><\/li>\n<li><a href=\"http:\/\/zighed.com\/?page_id=169\">\u00c9dition de revues<\/a><\/li>\n<\/ul>\n","protected":false},"excerpt":{"rendered":"<p>Comit\u00e9 de Programme de Conf\u00e9rences Conf\u00e9rencier invit\u00e9 Organisation de manifestations Expertises Associations Relecteur de revues \u00c9dition de revues<\/p>\n","protected":false},"author":1,"featured_media":0,"parent":0,"menu_order":4,"comment_status":"closed","ping_status":"closed","template":"","meta":[],"_links":{"self":[{"href":"http:\/\/zighed.com\/index.php?rest_route=\/wp\/v2\/pages\/148"}],"collection":[{"href":"http:\/\/zighed.com\/index.php?rest_route=\/wp\/v2\/pages"}],"about":[{"href":"http:\/\/zighed.com\/index.php?rest_route=\/wp\/v2\/types\/page"}],"author":[{"embeddable":true,"href":"http:\/\/zighed.com\/index.php?rest_route=\/wp\/v2\/users\/1"}],"replies":[{"embeddable":true,"href":"http:\/\/zighed.com\/index.php?rest_route=%2Fwp%2Fv2%2Fcomments&post=148"}],"version-history":[{"count":20,"href":"http:\/\/zighed.com\/index.php?rest_route=\/wp\/v2\/pages\/148\/revisions"}],"predecessor-version":[{"id":154,"href":"http:\/\/zighed.com\/index.php?rest_route=\/wp\/v2\/pages\/148\/revisions\/154"}],"wp:attachment":[{"href":"http:\/\/zighed.com\/index.php?rest_route=%2Fwp%2Fv2%2Fmedia&parent=148"}],"curies":[{"name":"wp","href":"https:\/\/api.w.org\/{rel}","templated":true}]}}