{"id":169,"date":"2012-03-06T21:36:23","date_gmt":"2012-03-06T20:36:23","guid":{"rendered":"http:\/\/zighed.com\/blog\/?page_id=169"},"modified":"2012-12-16T20:44:12","modified_gmt":"2012-12-16T19:44:12","slug":"edition-de-revues","status":"publish","type":"page","link":"http:\/\/zighed.com\/?page_id=169","title":{"rendered":"Edition de revues"},"content":{"rendered":"<p style=\"text-align: center;\"><strong>Liste des num\u00e9ro <a href=\"http:\/\/editions-rnti.fr\/index.php?lg=fr\">RNTI<\/a> co-dirig\u00e9s et co-\u00e9dit\u00e9s<\/strong><\/p>\n<ul style=\"list-style-type: circle;\">\n<li>RNTI E.20, 11i\u00e8me Conf\u00e9rence Extraction et Gestion des Connaissances (EGC&rsquo;2011), R\u00e9dacteurs invit\u00e9s : Ali Khenchaf et Pascal Poncelet, 712 pages, ISBN : 9782705681128, Editions Hermann.<\/li>\n<li>RNTI A.4, Apprentissage et Visualisation, R\u00e9dacteurs invit\u00e9s : M. Lebbah, H. Azzag, G. Venturini, 98 pages, ISBN : 9782705680596, Editions Hermann.<\/li>\n<li>RNTI-B-6, EDA&rsquo;10 Entrep\u00f4ts de Donn\u00e9es et Analyse en ligne, R\u00e9dacteurs invit\u00e9s : Han\u00eane Ben-Abdallah, Jamel Feki, 246 pages, I.S.B.N. : 9782854289428<\/li>\n<li>RNTI-L-5, CAL 2010 (4e Conf\u00e9rence francophone sur les Architectures Logicielles) R\u00e9dacteur invit\u00e9 : Khalil Drira, 180 pages, I.S.B.N. : 9782854289305<\/li>\n<li>RNTI-E-19, Extraction et Gestion des Connaissances EGC 2010 R\u00e9dacteurs invit\u00e9s : Sadok Ben Yahia, Jean-Marc Petit, 742 pages, I.S.B.N. : 9782854289220<\/li>\n<li>RNTI-E-18, Fouille de donn\u00e9es complexes n\u06e2 : avanc\u00e9es r\u00e9centes R\u00e9dacteurs invit\u00e9s : Omar Boussa\u00efd, Pierre Gan\u00e7arski, Brigitte Trousse, I.S.B.N. : 97828542891219176<\/li>\n<li>RNTI-E-17, Fouille de Donn\u00e9es d&rsquo;Opinions, R\u00e9dacteurs invit\u00e9s : Mathieu Roche et Pascal Poncelet, 202 pages, I.S.B.N. : 9782854289107<\/li>\n<li>RNTI-A-3, Apprentissage artificiel et fouille de donn\u00e9es, R\u00e9dacteurs invit\u00e9s : Youn\u00e8s Bennani, Emmanuel Viennet, 328 pages, I.S.B.N. : 978.2.85428.899.5,<\/li>\n<li>RNTI-E-16, Analyse statistique implicative, R\u00e9dacteurs invit\u00e9s : R. Gras, J-C. R\u00e9gnier, F. Guillet, 510 pages, I.S.B.N. : 978.2.85428.897.1<\/li>\n<li>RNTI-B-5, EDA&rsquo;09, Entrep\u00f4ts de Donn\u00e9es et Analyse en ligne r\u00e9dactrices invit\u00e9es : Sandra Bringay, Anne Laurent, Maguelonne Teisseire, 176 pages, I.S.B.N. : 978.2.85428.893.3<\/li>\n<li>RNTI-L-4, CAL 2009 (3e Conf\u00e9rence francophone sur les Architectures Logicielles), Antoine Beugnard et Olivier Zendra, 114 pages, I.S.B.N. : 978.2.85428.887.2<\/li>\n<li>RNTI-L-3, Langages et Mod\u00e8les \u00e0 Objets LMO 2009, Bernard Carr\u00e9 et Olivier Zendra, 166 pages, I.S.B.N. : 978.2.85428.886.5<\/li>\n<li>RNTI-E-15, Extraction et Gestion des Connaissances EGC&rsquo;2009, Jean-Gabriel Ganascia, Pierre Gan\u00e7arski, 518 pages, I.S.B.N. : 9782854288780<\/li>\n<li>RNTI-E-14, Les Relations Spatiales : de la mod\u00e9lisation \u00e0 la mise en oeuvre, Nicolas Lom\u00e9nie, Nicole Vincent, R\u00e9my Mullot, 118 pages, I.S.B.N. : 978.2.85428.864.3<\/li>\n<li>RNTI-E-13, Extraction et Gestion des Connaissances Spatio-temporelles, Applications \u00e0 la g\u00e9omatique pour la gestion des territoires, M. Schneider, M. Batton-Hubert, T. Jouveau, S. Lardon, F. Pinet, 218 pages, I.S.B.N. : 978.2.85428.857.5<\/li>\n<li>RNTI-E-12, Mod\u00e9lisation des Connaissances, Henri Briand, St\u00e9phane Loiseau, 280 pages, I.S.B.N. : 978.2.85428.855.1<\/li>\n<li>RNTI-B-4, 4e Journ\u00e9es francophones sur les Entrep\u00f4ts de Donn\u00e9es et l&rsquo;Analyse en ligne, EDA&rsquo;08, Franck Ravat, Olivier Teste, Gilles Zurfluh (Institut de Recherche en Informatique de Toulouse (UMR5505)), 151 pages, I.S.B.N. : 2.85428.847.6<\/li>\n<li>RNTI-C-2, Classification : points de vue crois\u00e9s, M. Nadif, 978.2.85428.831.5<\/li>\n<li>RNTI-L-2, 2\u00e8me Conf\u00e9rence Francophone sur les Architectures Logicielles, A\u00eft-Ameur Yamine, 200 pages, I.S.B.N. : 978.2.85428.826.1<\/li>\n<li>RNTI-L-1, Langages et Mod\u00e8les \u00e0 Objets, LMO 2008, M. Blay-Fornarino, Y-G Gu\u00e9heneuc, H. Sahraoui, 216 pages, I.S.B.N. : 978.2.85428.824.7<\/li>\n<li>RNTI-E-11, Extraction et Gestion des Connaissances EGC&rsquo;2008, F. Guillet, B. Trousse, 740 pages, I.S.B.N. : 978.2.85428.818.6<\/li>\n<li>RNTI-SM-1, ISoLA 2007, Workshop on leveraging applications of formal methods, verification and validation, Y. Ait-Ameur, F. Boniol, V. Wiels, 234 pages, I.S.B.N. : 978.2.85428.814.8<\/li>\n<li>RNTI-A-2, Apprentissage Artificiel et Fouille de Donn\u00e9es, Youn\u00e8s Bennani (LIPN), Emmanuel Viennet (LIPN), 218 pages, I.S.B.N. : 978.2.85428.808.7<\/li>\n<li>RNTI-A-1, Data Mining et apprentissage statistique : application en assurance, banque et marketing, Farid B\u00e9ninel (UMR CNRS 6086, IUT-STID, Niort), Michel Bera (KXEN Suresnes), Christian Partrat (ISFA Lyon), Gilbert Saporta (CNAM Paris), I.S.B.N. : 978.2.85428.794.3<\/li>\n<li>RNTI-W-1, Fouille du Web, Chantal Reynaud (Universit\u00e9 de Paris-Sud, CNRS (LRI) &amp; INRIA (Futurs)), Gilles Venturini (Universit\u00e9 Fran\u00e7ois-Rabelais de Tours, LI), 86 pages, I.S.B.N. : 978.2.85428.793.6<\/li>\n<li>RNTI-B-3, Entrep\u00f4ts de Donn\u00e9es et Analyse en ligne 2007, Ladjel Bellatreche, Arnaud Giacometti, Patrick Marcel, 200 pages, I.S.B.N. : 978.2.85428.782.0<\/li>\n<li>RNTI-E-10, D\u00e9fi Fouille de Textes : reconnaissance automatique des auteurs de discours &#8211; Campagne DEFT&rsquo;05 (TALN&rsquo;05), V. Prince, Y. Kodratoff, J. Az\u00e9, M. Roche, 158 pages, I.S.B.N. : 978.2.85428.7<\/li>\n<li>RNTI-E-9, Extraction et Gestion des Connaissances 2007, M. Noirhomme-Fraiture, G. Venturini, 800 pages, I.S.B.N. : 978.2.85428.7<\/li>\n<li>RNTI-B-2, Entrep\u00f4ts de Donn\u00e9es et Analyse en ligne 2006, D. Grigori, S. Lopes, K. Zeitouni, 194 pages, I.S.B.N. : 2.85428.744.4<\/li>\n<li>RNTI-E-8, Syst\u00e8mes d\u2019Information pour l\u2019Aide \u00e0 la D\u00e9cision en Ing\u00e9nierie Syst\u00e8me, Ali Khenchaf (ENSIETA, E3I2, Brest), 228 pages, I.S.B.N. : 2.85428.734.7<\/li>\n<li>RNTI-E-7, Visualisation en Extraction des Connaissances, Fran\u00e7ois Poulet (ESIEA Recherche), Pascale Kuntz (Laboratoire d\u2019Informatique de Nantes-Atlantique), 182 pages, I.S.B.N. : 2.85428.733.9<\/li>\n<li>RNTI-E-6, Extraction et Gestion des Connaissances 2006 , G. Ritschard et C. Djeraba, 782 pages, I.S.B.N. : 2.85428.718.5<\/li>\n<li>RNTI-E-5, Extraction des connaissances : Etat et perspectives (Ateliers de la conf\u00e9rence EGC&rsquo;2005), Florence Cloppet, Jean-Marc Petit, Nicole Vincent, 442 pages, 2.85428.707.x<\/li>\n<li>RNTI-E-4, Fouilles de donn\u00e9es complexes, O. Boussaid, P. Gan\u00e7arski, F. Mass\u00e9glia, B. Trousse, 300 pages, I.S.B.N. : 2.85428.702.9<\/li>\n<li>RNTI-B-1, Entrep\u00f4ts de Donn\u00e9es et l&rsquo;Analyse en ligne, Fadila Bentayeb, Omar Boussaid, J\u00e9rome Darmont, Sabine Rabaseda (ERIC, Lyon 2), 198 pages, I.S.B.N. : 2.85428.698.7<\/li>\n<li>RNTI-E-3, Extraction et Gestion des Connaissances 2005, Suzanne Pinson (Lamsade, Universit\u00e9 Dauphine Paris IX), Nicole Vincent (Crip5, Universit\u00e9 Ren\u00e9 Descartes Paris 5), 742 pages, I.S.B.N. 2.85428.677.4<\/li>\n<li>RNTI-C-1, Classification et Fouille de donn\u00e9es, M. Chavent, M. Langlais, 176 pages, I.S.B.N. : 2.85428.667.7<\/li>\n<li>RNTI-E-2, Extraction et Gestion des Connaissances 2004, G. H\u00e9brail, L. Lebart, J.-M. Petit, 654 pages, I.S.B.N. : 2.85428.633.2<\/li>\n<li>RNTI-E-1, Mesures de Qualit\u00e9 pour la Fouille de Donn\u00e9es, Henri Briand (IRIN Nantes), Mich\u00e8le Sebag (LRI Orsay), R\u00e9gis Gras (IRIN Nantes), , Fabrice Guillet (Ecole Polytechnique de Nantes), 280 pages, I.S.B.N. : 2.85428.633.2<\/li>\n<li>RNTI-1, Entreposage et Fouille de Donn\u00e9es, Omar Boussaid, St\u00e9phane Lallich (ERIC Universit\u00e9 de Lyon 2, 292 pages, I.S.B.N. : 2-85428-621-9<\/li>\n<\/ul>\n","protected":false},"excerpt":{"rendered":"<p>Liste des num\u00e9ro RNTI co-dirig\u00e9s et co-\u00e9dit\u00e9s RNTI E.20, 11i\u00e8me Conf\u00e9rence Extraction et Gestion des Connaissances (EGC&rsquo;2011), R\u00e9dacteurs invit\u00e9s : Ali Khenchaf et Pascal Poncelet, 712 pages, ISBN : 9782705681128, Editions Hermann. RNTI A.4, Apprentissage et Visualisation, R\u00e9dacteurs invit\u00e9s : M. Lebbah, H. Azzag, G. Venturini, 98 pages, ISBN : 9782705680596, Editions Hermann. RNTI-B-6, EDA&rsquo;10 [&hellip;]<\/p>\n","protected":false},"author":1,"featured_media":0,"parent":148,"menu_order":3,"comment_status":"closed","ping_status":"open","template":"","meta":[],"_links":{"self":[{"href":"http:\/\/zighed.com\/index.php?rest_route=\/wp\/v2\/pages\/169"}],"collection":[{"href":"http:\/\/zighed.com\/index.php?rest_route=\/wp\/v2\/pages"}],"about":[{"href":"http:\/\/zighed.com\/index.php?rest_route=\/wp\/v2\/types\/page"}],"author":[{"embeddable":true,"href":"http:\/\/zighed.com\/index.php?rest_route=\/wp\/v2\/users\/1"}],"replies":[{"embeddable":true,"href":"http:\/\/zighed.com\/index.php?rest_route=%2Fwp%2Fv2%2Fcomments&post=169"}],"version-history":[{"count":7,"href":"http:\/\/zighed.com\/index.php?rest_route=\/wp\/v2\/pages\/169\/revisions"}],"predecessor-version":[{"id":325,"href":"http:\/\/zighed.com\/index.php?rest_route=\/wp\/v2\/pages\/169\/revisions\/325"}],"up":[{"embeddable":true,"href":"http:\/\/zighed.com\/index.php?rest_route=\/wp\/v2\/pages\/148"}],"wp:attachment":[{"href":"http:\/\/zighed.com\/index.php?rest_route=%2Fwp%2Fv2%2Fmedia&parent=169"}],"curies":[{"name":"wp","href":"https:\/\/api.w.org\/{rel}","templated":true}]}}