{"id":20,"date":"2012-02-23T00:59:13","date_gmt":"2012-02-22T23:59:13","guid":{"rendered":"http:\/\/zighed.com\/blog\/?page_id=20"},"modified":"2023-08-06T14:43:35","modified_gmt":"2023-08-06T12:43:35","slug":"cv","status":"publish","type":"page","link":"http:\/\/zighed.com\/?page_id=20","title":{"rendered":"CV"},"content":{"rendered":"<h4>Carri\u00e8re<\/h4>\n<ul>\n<li><strong><strong>1991- \u00e0 ce jour<\/strong> : Professeur titulaire des Universit\u00e9s (Universit\u00e9 Lyon2) <\/strong><\/li>\n<li><strong>En d\u00e9tachement \u00e0 l&rsquo;AUF (2016-2020) comme directeur du num\u00e9rique<\/strong><\/li>\n<li><strong>1987-1991<\/strong> : Ma\u00eetre de Conf\u00e9rences (Universit\u00e9 Lyon2)<\/li>\n<li><strong>1984-1987<\/strong> : Assistant associ\u00e9 (Universit\u00e9 Lyon 1)<\/li>\n<\/ul>\n<h4>Formations et Dipl\u00f4mes<\/h4>\n<ul>\n<li><strong><strong>1991<\/strong> : <\/strong>Habilitation \u00e0 Diriger les Recherches &#8211; Lyon 1<\/li>\n<li><strong>1985<\/strong> : Docteur ing\u00e9nieur en informatique &#8211; Lyon 1<\/li>\n<li><strong>1982<\/strong> : DEA Informatique automatique &#8211; Lyon 1<\/li>\n<li><strong>1981<\/strong> : Ing\u00e9nieur en informatique sp\u00e9cialis\u00e9 dans les organisations \u00a0CERI (Alger)<\/li>\n<\/ul>\n<h4>Titres \/ Fonctions et responsabilit\u00e9s diverses<\/h4>\n<ul>\n<li>1993-2012, Fondateur et Directeur du laboratoire <a title=\"ERC\" href=\"http:\/\/eric.univ-lyon2.fr\" target=\"_blank\" rel=\"noopener\">ERIC<\/a> (Equipe d&rsquo;Accueil N\u00b0 3083 &#8211; Lyon 1 &#8211; Lyon 2) ;<\/li>\n<li>2009 &#8211; 2015 , Coordonnateur principal \u00a0du Programme de Master Europ\u00e9en\u00a0<a title=\"DMKM\" href=\"www.em-dmkm.eu\" target=\"_blank\" rel=\"noopener\">\u00a0Erasmus Mundus DMKM\u00a0<\/a>(Data Mining and Knowledge Management);<\/li>\n<li>2011-2015, Directeur de l&rsquo;<a title=\"ISH\" href=\"http:\/\/www.ish-lyon.cnrs.fr\/Presentation\/Equipe_fr.php\" target=\"_blank\" rel=\"noopener\">Institut des Sciences de l&rsquo;Homme<\/a> (ISH Unit\u00e9 de Service et de Recherche du CNRS, l&rsquo;ENS Lyon, IEP Lyon, Universit\u00e9 Lyon 2, Universit\u00e9 Lyon 3, Universit\u00e9 Jean-Monnet Saint Etienne) devenu depuis 2017 Maison des Sciences de l&rsquo;Homme Lyon_Saint-Etienne;<\/li>\n<li>2002 \u00e0 2006\u00a0Vice-Pr\u00e9sident\u00a0de l&rsquo;<a title=\"EGC\" href=\"http:\/\/www.egc.asso.fr\/\" target=\"_blank\" rel=\"noopener\">Association Extraction et Gestion des Connaissances<\/a>;<\/li>\n<li>2007 \u00e0 2010 Pr\u00e9sident\u00a0de l&rsquo;<a title=\"EGC\" href=\"http:\/\/www.egc.asso.fr\/\" target=\"_blank\" rel=\"noopener\">Association Extraction et Gestion des Connaissances<\/a>;<\/li>\n<li>2011 \u00a0\u00e0 2014 Vice-Pr\u00e9sident\u00a0de l&rsquo;<a title=\"EGC\" href=\"http:\/\/www.egc.asso.fr\/\" target=\"_blank\" rel=\"noopener\">Association Extraction et Gestion des Connaissances<\/a>;<\/li>\n<li>2011 \u00e0 aujourd&rsquo;hui \u00a0Co-fondateur et Pr\u00e9sident de l&rsquo;association RNTI (Revue des Nouvelles Technologies de l&rsquo;Information);<\/li>\n<li>Depuis 2002, Co-Directeur de publication de la <a title=\"RNTI\" href=\"http:\/\/editions-rnti.fr\/index.php?lg=fr\" target=\"_blank\" rel=\"noopener\">Revue des Nouvelles Technologies de l&rsquo;Information <\/a>(RNTI)\u00a0(Hermann, France);<\/li>\n<li>Depuis 2011, Editorial Board Member &#8211; <a title=\"IJSNM\" href=\"http:\/\/www.inderscience.com\/browse\/index.php?journalCODE=ijsnm\" target=\"_blank\" rel=\"noopener\">International Journal of Social Network Mining<\/a>\u00a0 (IJSNM)<\/li>\n<li>Depuis 2008, Membre de l&rsquo;Institut International de Statistique (<a href=\"http:\/\/www.isi-web.org\/\">ISI<\/a>);<\/li>\n<li>Membre du comit\u00e9 de programme de plus d&rsquo;une dizaine\u00a0 de conf\u00e9rences internationales (voir rubrique autres activit\u00e9s);<\/li>\n<li>2016-2020 : Directeur du num\u00e9rique de l&rsquo;Agence Universitaire de la Francophonie (<a href=\"www.auf.org\">AUF<\/a>)<\/li>\n<li>2021 : Reprise d&rsquo;activit\u00e9 de Professeur \u00e0 l&rsquo;Universit\u00e9 \u00a0Lyon 2<\/li>\n<\/ul>\n","protected":false},"excerpt":{"rendered":"<p>Carri\u00e8re 1991- \u00e0 ce jour : Professeur titulaire des Universit\u00e9s (Universit\u00e9 Lyon2) En d\u00e9tachement \u00e0 l&rsquo;AUF (2016-2020) comme directeur du num\u00e9rique 1987-1991 : Ma\u00eetre de Conf\u00e9rences (Universit\u00e9 Lyon2) 1984-1987 : Assistant associ\u00e9 (Universit\u00e9 Lyon 1) Formations et Dipl\u00f4mes 1991 : Habilitation \u00e0 Diriger les Recherches &#8211; Lyon 1 1985 : Docteur ing\u00e9nieur en informatique &#8211; [&hellip;]<\/p>\n","protected":false},"author":1,"featured_media":0,"parent":0,"menu_order":1,"comment_status":"closed","ping_status":"closed","template":"","meta":[],"_links":{"self":[{"href":"http:\/\/zighed.com\/index.php?rest_route=\/wp\/v2\/pages\/20"}],"collection":[{"href":"http:\/\/zighed.com\/index.php?rest_route=\/wp\/v2\/pages"}],"about":[{"href":"http:\/\/zighed.com\/index.php?rest_route=\/wp\/v2\/types\/page"}],"author":[{"embeddable":true,"href":"http:\/\/zighed.com\/index.php?rest_route=\/wp\/v2\/users\/1"}],"replies":[{"embeddable":true,"href":"http:\/\/zighed.com\/index.php?rest_route=%2Fwp%2Fv2%2Fcomments&post=20"}],"version-history":[{"count":39,"href":"http:\/\/zighed.com\/index.php?rest_route=\/wp\/v2\/pages\/20\/revisions"}],"predecessor-version":[{"id":738,"href":"http:\/\/zighed.com\/index.php?rest_route=\/wp\/v2\/pages\/20\/revisions\/738"}],"wp:attachment":[{"href":"http:\/\/zighed.com\/index.php?rest_route=%2Fwp%2Fv2%2Fmedia&parent=20"}],"curies":[{"name":"wp","href":"https:\/\/api.w.org\/{rel}","templated":true}]}}