{"id":9,"date":"2012-02-23T00:19:11","date_gmt":"2012-02-22T23:19:11","guid":{"rendered":"http:\/\/zighed.com\/blog\/?page_id=9"},"modified":"2023-08-06T14:48:34","modified_gmt":"2023-08-06T12:48:34","slug":"teaching","status":"publish","type":"page","link":"http:\/\/zighed.com\/?page_id=9","title":{"rendered":"Enseignement"},"content":{"rendered":"<h4>Enseignement &#8211; mati\u00e8res enseign\u00e9es<\/h4>\n<ul>\n<li style=\"text-align: justify;\"><em>Bases de Donn\u00e9es Relationnelles<\/em><\/li>\n<li>Probabilit\u00e9s et statistiques<\/li>\n<li>Data mining<\/li>\n<li style=\"text-align: justify;\">\u00a0<em>Alg\u00e8bre lin\u00e9aire, Analyse des Donn\u00e9es<\/em><\/li>\n<li style=\"text-align: justify;\"><em>\u00a0Agr\u00e9gation de pr\u00e9f\u00e9rences et analyse multi-crit\u00e8res pour la d\u00e9cision<\/em><\/li>\n<li style=\"text-align: justify;\"><em>fouille de donn\u00e9es et graphes d&rsquo;induction<\/em><\/li>\n<li style=\"text-align: justify;\"><em>Apprentissage automatique, m\u00e9thodes et algorithmes<\/em><\/li>\n<li style=\"text-align: justify;\"><em>Applications en Fouilles de donn\u00e9es et fouille de textes<\/em><\/li>\n<li style=\"text-align: justify;\">S\u00e9lection et construction d&rsquo;attributs<\/li>\n<li style=\"text-align: justify;\">Big Data<\/li>\n<\/ul>\n<h4>Direction de formations<\/h4>\n<ul>\n<li>De 1999-2015 : Master Extraction des Connaissances \u00e0 partir des Donn\u00e9es (<a href=\"http:\/\/dea-ecd.univ-lyon2.fr\/\">ECD<\/a>)<\/li>\n<li>2009-2015 : Principal coordonateur du master europ\u00e9en Erasmus Mundus Data Mining &amp; Knowledge Management\u00a0<a href=\"www.em-dmkm.eu\">DMKM<\/a><\/li>\n<\/ul>\n<h4>Encadrement de th\u00e8ses et Habilitations \u00e0 Diriger les Recherches<\/h4>\n<ul>\n<li>Samia Amghar (Univ. Lyon 1, 1995) : Approche g\u00e9om\u00e9trique de l&rsquo;apprentissage num\u00e9rique supervis\u00e9: une formalisation pr\u00e9topologique<\/li>\n<li>Marc Sebban ( Univ. Lyon 1, 1996) : Mod\u00e8les Th\u00e9oriques en Reconnaissance de Formes et Architecture Hybride pour Machine Perceptive<\/li>\n<li>Sabine Loudcher (Univ Lyon 1, 1996) : Contributions \u00e0 l&rsquo;extraction automatique de connaissances : application \u00e0 l&rsquo;analyse clinique de la marche<\/li>\n<li>Ricco Rakotomalala (Univ. Lyon 1, \u00a01998) : Graphes d&rsquo;Induction<\/li>\n<li>G\u00e9rald Gavin (Univ. Lyon 2, 2001) : Etude du mod\u00e8le d&rsquo;apprentissage Probablement approximativement correct (PAC) : application aux m\u00e9thodes d&rsquo;agr\u00e9gation<\/li>\n<li>St\u00e9phane Lallich, (HDR Univ Lyon 2, 2002) : Mesure et validation en extraction des connaissances \u00e0 partir des donn\u00e9es<\/li>\n<li>Nadir Belkhiter, (HDR\u00a0Univ Lyon 2, \u00a02002) : Communication homme-machine et d\u00e9composition des relations binaires avec application \u00e0 divers domaines en informatique<\/li>\n<li>Fabrice Muhlenbach, (\u00a0Univ Lyon 2,\u00a02002) :\u00a0\u00c9valuation de la qualit\u00e9 de la repr\u00e9sentation en fouille de donn\u00e9es<\/li>\n<li>J\u00e9r\u00e9my Clech, (Univ Lyon 2,\u00a02004) : Contribution M\u00e9thodologique \u00e0 la Fouille de Donn\u00e9es Complexes<\/li>\n<li>Edwige Fangseu Badjio (Univ Lyon 2,\u00a0\u00a02005) : Visualisation et fouille de donn\u00e9es<\/li>\n<li>Fran\u00e7ois Poulet, (HDR\u00a0Univ Lyon 2, 2005) : Visualisation et fouille de donn\u00e9es<\/li>\n<li>Walid Erray (Univ Lyon 2,\u00a02006) : Extensions et nouvelles approches en graphes d&rsquo;induction. Application aux grandes bases de donn\u00e9es<\/li>\n<li>J\u00e9r\u00f4me Darmont (HDR ,Univ Lyon 2,\u00a0\u00a02006) :\u00a0Optimisation et \u00e9valuation de performance pour l&rsquo;aide \u00e0 la conception et \u00e0 l&rsquo;administration des entrep\u00f4ts de donn\u00e9es complexes<\/li>\n<li>Philippe Lenca (HDR,\u00a0Univ Lyon 2,\u00a02007) : des donn\u00e9es \u00e0 la d\u00e9cision : apprentissage, validation et exploitation de r\u00e8gles<\/li>\n<li>Hakim Hacid (\u00a0Univ Lyon 2,\u00a02008) : Un environnement informatique pour l&rsquo;interrogation et l&rsquo;acc\u00e8s intelligent aux bases de donn\u00e9es complexes<\/li>\n<li>Ahmad El Sayed \u00a0(\u00a0Univ Lyon 2,\u00a02008) : Recherche d&rsquo;information par le contenu dans les bases Multim\u00e9dia<\/li>\n<li>Julien Charbel (\u00a0Univ Lyon 2,\u00a02008) : Image, Statistical Learning Using Mixture Models, Th\u00e8se en co-tutelle avec l&rsquo;Universit\u00e9 du Pi\u00e9mont Oriental (Italie)<\/li>\n<li>Simon Marcelin (Univ Lyon 2,\u00a02008) :Arbres de d\u00e9cision en situation d&rsquo;asym\u00e9trie<\/li>\n<li>Julien Thomas\u00a0 (Univ Lyon 2,\u00a02009 ) : Apprentissage supervis\u00e9 de donn\u00e9es d\u00e9s\u00e9quilibr\u00e9es par for\u00eat al\u00e9atoire.<\/li>\n<li>Mavrikas Efthimios (Univ Lyon 2,\u00a02010) : Entre les mots : M\u00e9thodes d&rsquo;analyse informatique du discours id\u00e9logique.<\/li>\n<li>Quoreshi Taimur (Univ Lyon 2,\u00a02010) : Contribution to decision tree based learning<\/li>\n<li>Vincent Pisetta (Univ Lyon 2,\u00a02012): Apprentiisage \u00e0 partir d&rsquo;arbres al\u00e9atoires : nouveaux apports<\/li>\n<li>Mathilde Forestier : (Univ Lyon 2,\u00a02012) :\u00a0Extraction automatique de r\u00e9seaux \u00a0sociaux enrichis pour l&rsquo;analyse des r\u00f4les sociaux dans les discussions en ligne \u00a0(Univ. Lyon 2, 2012)<\/li>\n<li>Dialla Azzedine : (Univ Lyon 2,\u00a02014) : Une application \u00e0 l&rsquo;apprentissage topologique et son application dans les r\u00e9seaux sociaux<span style=\"font-family: arial, sans-serif; font-size: small;\"><strong>\u00a0<\/strong><\/span><\/li>\n<li>Fatima Zohra AAZI : (Co-tutelle : Univ Lyon 2 &#8211; Univ Hassan 1, Settat Maroc, 2014) : Apprentissage supervis\u00e9 &#8211; apprentissage topologique<\/li>\n<li>Adrien Guille : (Univ Lyon 2, 2014) : Analyse automatique des tweets<\/li>\n<li>Hussein El-Nathseih : (Univ Lyon2, 2015-2018) : Mesures de similarit\u00e9 s\u00e9mantique application \u00e0 l&rsquo;analyse des grands corpus de donn\u00e9es textuelles<\/li>\n<\/ul>\n","protected":false},"excerpt":{"rendered":"<p>Enseignement &#8211; mati\u00e8res enseign\u00e9es Bases de Donn\u00e9es Relationnelles Probabilit\u00e9s et statistiques Data mining \u00a0Alg\u00e8bre lin\u00e9aire, Analyse des Donn\u00e9es \u00a0Agr\u00e9gation de pr\u00e9f\u00e9rences et analyse multi-crit\u00e8res pour la d\u00e9cision fouille de donn\u00e9es et graphes d&rsquo;induction Apprentissage automatique, m\u00e9thodes et algorithmes Applications en Fouilles de donn\u00e9es et fouille de textes S\u00e9lection et construction d&rsquo;attributs Big Data Direction de [&hellip;]<\/p>\n","protected":false},"author":1,"featured_media":0,"parent":0,"menu_order":2,"comment_status":"closed","ping_status":"closed","template":"","meta":[],"_links":{"self":[{"href":"http:\/\/zighed.com\/index.php?rest_route=\/wp\/v2\/pages\/9"}],"collection":[{"href":"http:\/\/zighed.com\/index.php?rest_route=\/wp\/v2\/pages"}],"about":[{"href":"http:\/\/zighed.com\/index.php?rest_route=\/wp\/v2\/types\/page"}],"author":[{"embeddable":true,"href":"http:\/\/zighed.com\/index.php?rest_route=\/wp\/v2\/users\/1"}],"replies":[{"embeddable":true,"href":"http:\/\/zighed.com\/index.php?rest_route=%2Fwp%2Fv2%2Fcomments&post=9"}],"version-history":[{"count":34,"href":"http:\/\/zighed.com\/index.php?rest_route=\/wp\/v2\/pages\/9\/revisions"}],"predecessor-version":[{"id":740,"href":"http:\/\/zighed.com\/index.php?rest_route=\/wp\/v2\/pages\/9\/revisions\/740"}],"wp:attachment":[{"href":"http:\/\/zighed.com\/index.php?rest_route=%2Fwp%2Fv2%2Fmedia&parent=9"}],"curies":[{"name":"wp","href":"https:\/\/api.w.org\/{rel}","templated":true}]}}