{"id":265,"date":"2012-03-23T10:34:30","date_gmt":"2012-03-23T09:34:30","guid":{"rendered":"http:\/\/zighed.com\/blog\/?page_id=265"},"modified":"2021-10-16T10:27:49","modified_gmt":"2021-10-16T08:27:49","slug":"projets-en-cours","status":"publish","type":"page","link":"https:\/\/zighed.com\/?page_id=265","title":{"rendered":"Projets r\u00e9cents"},"content":{"rendered":"<h1><strong>1. Infonomics Ressource Facility (IRF)<\/strong><\/h1>\n<h2><strong>R\u00e9sum\u00e9<\/strong><\/h2>\n<p>L\u2019acquisition de donn\u00e9es, leur gestion, leur traitement sont en pleine r\u00e9volution avec les r\u00e9cents d\u00e9veloppements des<strong> Sciences et Technologies de l\u2019Information et de la Communication<\/strong> (ICT) et des capacit\u00e9s de calculs disponibles depuis quelques ann\u00e9es \u00e0 des co\u00fbts accessibles. Cette r\u00e9volution devrait atteindre positivement les Sciences de l\u2019Homme et de la Soci\u00e9t\u00e9 (SHS). En effet, les outils d\u2019acquisition, de gestion et de traitement de donn\u00e9es ouvrent de nouveaux horizons d\u2019enqu\u00eates (\u00ab\u00a0enqu\u00eate\u00a0\u00bb au sens large, comme peut en parler J. Dewey) jusqu\u2019ici impossible \u00e0 atteindre en termes quantitatifs comme en termes qualitatifs. La capacit\u00e9 \u00e0 acqu\u00e9rir et \u00e0 traiter les donn\u00e9es sur les comportements individuels et collectifs, les difficult\u00e9s \u00e0 saisir dans leur \u00e9tendue les interactions sociales, l\u2019action et les activit\u00e9s individuelles et collectives, sont autant de verrous puissants dans le d\u00e9veloppement des SHS. Il en est de m\u00eame de la quasi-absence de moyens d\u2019analyse automatique et syst\u00e9matique de documents textuels (archives, textes publi\u00e9s, entretiens, etc.), sonore (entretiens, documents radiophoniques, sc\u00e8nes, etc.) ou de donn\u00e9es iconographiques (images, vid\u00e9o, films, etc.). Leurs d\u00e9veloppement bien que balbutiant (notamment dans le domaine du texte et des analyses s\u00e9mantiques) ouvrent d\u00e9j\u00e0 des perspectives in\u00e9dites de traitement des donn\u00e9es acquises dans les processus d\u2019enqu\u00eate. Avec cette r\u00e9volution des modalit\u00e9s de production, d\u2019analyse, de diffusion et de valorisation de l\u2019information, les SHS pourraient \u00eatre en mesure de franchir un nouveau saut qualitatif, constituer et exploiter des jeux de donn\u00e9es massives et, ainsi, passer d\u2019un stade parfois per\u00e7u comme \u00ab\u00a0pr\u00e9-scientifique\u00a0\u00bb \u00e0 un statut de maturit\u00e9 comparable aux sciences de la vie et de la mati\u00e8re. Il s\u2019agirait de passer d\u2019un usage de jeux de donn\u00e9es faibles, qui conduisent, le plus souvent faute de moyens, \u00e0 des \u00e9tudes empiriques qualitatives, \u00e0 un usage possible de jeux de <strong>donn\u00e9es massives<\/strong> et \u00e0 des <strong>syst\u00e8mes d\u2019analyse syst\u00e9matiques<\/strong> des donn\u00e9es empiriques (textes, images, son) associant les m\u00e9thodologies qualitatives et quantitatives. Cette r\u00e9volution apporte aux SHS une objectivit\u00e9 in\u00e9dite \u00e0 travers des <strong>r\u00e9sultats quantitatifs reproductibles<\/strong>. A travers ces nouvelles approches pour la conduite d\u2019enqu\u00eate et l\u2019exploitation des donn\u00e9es massives recueillies, elle leur conf\u00e8re \u00e9galement une nouvelle cr\u00e9dibilit\u00e9 et des moyens d\u2019engendrer davantage de connaissances et, dans une optique pragmatiste, les ouvrira plus avantageusement \u00e0 des connaissances op\u00e9rationnalisables et actionnables. \u2028Les SHS jouent un r\u00f4le central en mati\u00e8re de cr\u00e9ation, prospection et <strong>diffusion de l\u2019information<\/strong> aupr\u00e8s des acteurs socio-\u00e9conomiques (politique, entreprise, citoyen, etc.). Il est par cons\u00e9quent l\u00e9gitime de s\u2019interroger \u00e0 nouveau sur les m\u00e9canismes complexes par lesquels l\u2019information s\u2019\u00e9labore, se diffuse et se modifie pour agir \u00e0 son tour sur ses propres moyens de production naturels ou artificiels. En effet, l\u2019information, consid\u00e9r\u00e9e comme une donn\u00e9e (data) pertinente pour celui qui la re\u00e7oit, constitue aujourd\u2019hui un <strong>produit socio-\u00e9conomique, scientifique et culturel<\/strong>. Une part de plus en plus importante de l\u2019activit\u00e9 de l\u2019homme n\u2019est plus consacr\u00e9e \u00e0 la production d\u2019objets mat\u00e9riels mais \u00e0 nourrir un flux continu d\u2019information. Dans ce projet, nous souhaitons engager une<strong> r\u00e9flexion<\/strong> bidimensionnelle. L\u2019une <strong>\u00e9pist\u00e9mologique<\/strong>, visant \u00e0 mieux caract\u00e9riser et comprendre les lois qui gouvernent l\u2019information comme un objet \u00e0 part enti\u00e8re et, l\u2019autre, <strong>prax\u00e9ologique<\/strong>, pour concevoir, d\u00e9ployer et mettre en oeuvre de nouvelles m\u00e9thodologies de rupture capables de mieux appr\u00e9hender les ph\u00e9nom\u00e8nes complexes qui constituent l\u2019essentielle des objets de recherche pris en charge par les SHS. Cette probl\u00e9matique nous positionne au coeur d\u2019une discipline naissante baptis\u00e9e INFONOMICS dont le nom vient de la combinaison des premi\u00e8res lettres du mot \u00ab\u00a0information\u00a0\u00bb, du latin<em> informare<\/em> qui signifie \u00ab\u00a0donner forme\u00a0\u00bb, et du terme \u00ab\u00a0nomie\u00a0\u00bb qui vient du grec ancien <em>\u03bd\u03cc\u03bc\u03bf\u03c2, n\u00f3mos<\/em>, et qui signifie \u00ab\u00a0loi\u00a0\u00bb. L\u2019infonomics, par d\u00e9finition, se pr\u00e9occupe des r\u00e8gles et des lois li\u00e9es \u00e0 l\u2019information. Ainsi, par analogie avec le mot \u00ab\u00a0\u00e9conomie\u00a0\u00bb qui d\u00e9signe une activit\u00e9 visant la production, la distribution, l\u2019\u00e9change et la consommation de biens et services, l\u2019infonomics s\u2019int\u00e9resse \u00e0 la mani\u00e8re de produire, de diffuser et d\u2019utiliser des contenus immat\u00e9riels : donn\u00e9es, informations, connaissances, savoir-faire, etc Parmi les <strong>d\u00e9fis scientifiques<\/strong> auxquels nous nous attaquerons, il y a celui de la formalisation d\u2019une th\u00e9orie de l\u2019information, compl\u00e9mentaire \u00e0 celle de Shannon, qui prendrait en compte davantage la s\u00e9mantique des donn\u00e9es. Parmi les <strong>d\u00e9fis technologiques<\/strong>, il y la mise au point de m\u00e9thodologies permettant de traiter des questions complexes en sciences humaines et sociales comme l\u2019observation in vivo, le passage \u00e0 l\u2019\u00e9chelle dans l\u2019exploitation des traces num\u00e9riques tr\u00e8s volumineuses, la fusion d\u2019informations multi-sources et complexes, etc. L\u2019approche que nous pr\u00e9conisons s\u2019appuiera sur des collaborations pluridisciplinaires aux fronti\u00e8res des ICT et des SHS. Ainsi, la r\u00e9flexion \u00e9pist\u00e9mologique sera men\u00e9e au sein d\u2019un r\u00e9seau europ\u00e9en ENI (European Network for Infonomics) en cours de structuration. La r\u00e9flexion sur les m\u00e9thodologies et les technologies de rupture, s\u2019effectuera sur un mode de benchmarking portant sur des travaux de recherche en SHS r\u00e9alis\u00e9s au sein de la plateforme PANELS commune \u00e0 l\u2019ISH et au laboratoire EVS (Environnement Ville et Soci\u00e9t\u00e9) en liaison avec des partenaires socio-\u00e9conomiques comme le Living Lab du Grand Lyon, la cit\u00e9 du Design de Saint-Etienne et la R\u00e9gion.<\/p>\n<pre><strong>Pour en savoir plus<\/strong> :\u00a0<a href=\"http:\/\/infonomics.ish-lyon.cnrs.fr\">http:\/\/infonomics.ish-lyon.cnrs.fr<\/a><\/pre>\n<h2><strong>Coordination scientifique\u00a0<\/strong><\/h2>\n<p><strong><\/strong>Djamel Abdelkader Zighed (ISH, Univ. Lyon 2)<\/p>\n<h2><strong>Partenaires<\/strong><\/h2>\n<p>ISH \u2013 USR 3385 : Institut des Sciences de l\u2019Homme\u2028<a href=\"http:\/\/www.ish-lyon.cnrs.fr\/laboratoires\/evs\"><strong>EVS<\/strong><\/a> \u2013 UMR 5600 : Environnement, ville, soci\u00e9t\u00e9 \u2028<a href=\"http:\/\/laboratoirehubertcurien.fr\/\"><strong>LHC<\/strong><\/a>\u2013 UMR 5516 : Laboratoire Hubert Curien<\/p>\n<h2><strong>Financement<\/strong><\/h2>\n<p>Universit\u00e9 de Lyon : <a href=\"http:\/\/palse.universite-lyon.fr\/\"><strong>Programme Avenir Lyon Saint-Etienne<\/strong><\/a>(PALSE)\u2028P\u00e9riode : 2013-2015<\/p>\n<h1 style=\"text-align: justify;\">2. SHS-Doc-NET<\/h1>\n<h2 style=\"text-align: justify;\">R\u00e9sum\u00e9<\/h2>\n<p style=\"text-align: justify;\"><a href=\"\/wp-content\/uploads\/2012\/03\/Capture-d\u2019\u00e9cran-2012-03-25-\u00e0-21.53.18.png\"><img loading=\"lazy\" class=\"alignleft size-medium wp-image-276\" title=\"Capture d\u2019\u00e9cran 2012-03-25 \u00e0 21.53.18\" src=\"\/wp-content\/uploads\/2012\/03\/Capture-d\u2019\u00e9cran-2012-03-25-\u00e0-21.53.18-300x245.png\" alt=\"\" width=\"300\" height=\"245\" srcset=\"https:\/\/zighed.com\/wp-content\/uploads\/2012\/03\/Capture-d\u2019\u00e9cran-2012-03-25-\u00e0-21.53.18-300x245.png 300w, https:\/\/zighed.com\/wp-content\/uploads\/2012\/03\/Capture-d\u2019\u00e9cran-2012-03-25-\u00e0-21.53.18.png 435w\" sizes=\"(max-width: 300px) 100vw, 300px\" \/><\/a>Le projet <strong><a href=\"http:\/\/docnet.ish-lyon.cnrs.fr\/\">SHS-Doc-Net<\/a><\/strong>\u00a0concerne le d\u00e9veloppement d\u201fun portail internet mettant en oeuvre des technologies innovantes du web social s\u00e9mantique et dont l\u201fobjet est la mise en valeur des comp\u00e9tences en Sciences Humaines et Sociales (SHS) d\u00e9velopp\u00e9es par les acteurs de la recherche de l&rsquo;universit\u00e9 de Lyon. Le portail est une application collaborative qui s&rsquo;adresse donc en premier lieu aux acteurs de la recherche en SHS qui peuvent \u00eatre des chercheurs, enseignant-chercheurs, ing\u00e9nieurs et techniciens de la recherche, doctorants. L&rsquo;application cherche \u00e0 permettre \u00e0 ces derniers d&rsquo;exposer leurs expertises, comp\u00e9tences et savoir-faire, de g\u00e9rer leur identit\u00e9 num\u00e9rique professionnelle sur le web, de b\u00e9n\u00e9ficier de services et outils pour le d\u00e9veloppement de collaborations ainsi que pour la veille scientifique. <a href=\"\/wp-content\/uploads\/2012\/03\/Capture-d\u2019\u00e9cran-2012-03-25-\u00e0-21.53.35.png\"><img loading=\"lazy\" class=\"alignright size-medium wp-image-277\" title=\"Capture d\u2019\u00e9cran 2012-03-25 \u00e0 21.53.35\" src=\"\/wp-content\/uploads\/2012\/03\/Capture-d\u2019\u00e9cran-2012-03-25-\u00e0-21.53.35-300x248.png\" alt=\"\" width=\"300\" height=\"248\" srcset=\"https:\/\/zighed.com\/wp-content\/uploads\/2012\/03\/Capture-d\u2019\u00e9cran-2012-03-25-\u00e0-21.53.35-300x248.png 300w, https:\/\/zighed.com\/wp-content\/uploads\/2012\/03\/Capture-d\u2019\u00e9cran-2012-03-25-\u00e0-21.53.35.png 433w\" sizes=\"(max-width: 300px) 100vw, 300px\" \/><\/a>Ensuite, le deuxi\u00e8me type d\u201futilisateurs vis\u00e9s par le projet concerne les acteurs socio-\u00e9conomiques et culturels int\u00e9ress\u00e9s par les comp\u00e9tences en SHS et d\u00e9sireux de d\u00e9velopper des partenariats avec le monde universitaire. Pour ce type d&rsquo;utilisateur, le projet vise le d\u00e9veloppement de services bas\u00e9s sur des syst\u00e8mes de recherche s\u00e9mantique, de notification, de recommandation et de visualisation de comp\u00e9tences et d&rsquo;experts acad\u00e9miques. <a href=\"\/wp-content\/uploads\/2012\/03\/Capture-d\u2019\u00e9cran-2012-03-25-\u00e0-21.53.47.png\"><img loading=\"lazy\" class=\"size-medium wp-image-278 alignleft\" title=\"Capture d\u2019\u00e9cran 2012-03-25 \u00e0 21.53.47\" src=\"\/wp-content\/uploads\/2012\/03\/Capture-d\u2019\u00e9cran-2012-03-25-\u00e0-21.53.47-300x248.png\" alt=\"\" width=\"300\" height=\"248\" srcset=\"https:\/\/zighed.com\/wp-content\/uploads\/2012\/03\/Capture-d\u2019\u00e9cran-2012-03-25-\u00e0-21.53.47-300x248.png 300w, https:\/\/zighed.com\/wp-content\/uploads\/2012\/03\/Capture-d\u2019\u00e9cran-2012-03-25-\u00e0-21.53.47.png 432w\" sizes=\"(max-width: 300px) 100vw, 300px\" \/><\/a>Enfin, le troisi\u00e8me type d\u201futilisateurs concern\u00e9 par le projet est toute personne ou entit\u00e9 souhaitant avoir une perception synth\u00e9tique ou pr\u00e9cise des diff\u00e9rentes comp\u00e9tences et expertises en SHS d\u00e9velopp\u00e9es au sein des unit\u00e9s de recherche de la m\u00e9tropole Lyon\/Saint-Etienne. Ces utilisateurs peuvent \u00eatre des futurs \u00e9tudiants, des biblioth\u00e9caires et documentalistes, des structures d\u201finterfa\u00e7age entre le monde acad\u00e9mique et le monde socio-\u00e9conomique\u2026 Il n\u201fexiste pas aujourd\u201fhui en France d\u201fapplication qui r\u00e9ponde aux besoins que nous venons de citer. Les comp\u00e9tences SHS vont \u00eatre identifi\u00e9es par le biais de deux m\u00e9thodes compl\u00e9mentaires. Elles seront d\u201fune part extraites d\u201fune fa\u00e7on \u00e9volutive, \u00e0 partir des donn\u00e9es du web (pages web, archives ouvertes de documents scientifiques\u2026) \u00e0 l\u201faide des technologies du web 2.0 (HTML, PHP, SPARQL, et des technologies du traitement automatique de la langue -TAL) et repr\u00e9sent\u00e9es \u00e0 l\u201faide d\u201fune ontologie. Elles seront d\u201fautre part enrichies en exploitant le r\u00e9seau social et en combinant des techniques de fouilles de graphe et de raisonnement s\u00e9mantique sur l\u201fontologie.<\/p>\n<h2 style=\"text-align: justify;\">Partenaires<\/h2>\n<p style=\"text-align: justify;\">Institut des Sciences de l&rsquo;Homme USR 3385 CNRS, ERIC EA3083 Lyon 2.<\/p>\n<h2 style=\"text-align: justify;\">Financement<\/h2>\n<p style=\"text-align: justify;\">Universit\u00e9 Lyon 2<\/p>\n<h1 style=\"text-align: justify;\">3. FLURESP<\/h1>\n<h2 style=\"text-align: justify;\">R\u00e9sum\u00e9<\/h2>\n<p style=\"text-align: justify;\"><a href=\"\/wp-content\/uploads\/2012\/03\/Capture-d\u2019\u00e9cran-2012-03-25-\u00e0-21.07.51.png\"><img loading=\"lazy\" class=\"alignleft size-medium wp-image-272\" title=\"Capture d\u2019\u00e9cran 2012-03-25 \u00e0 21.07.51\" src=\"\/wp-content\/uploads\/2012\/03\/Capture-d\u2019\u00e9cran-2012-03-25-\u00e0-21.07.51-300x202.png\" alt=\"\" width=\"300\" height=\"202\" srcset=\"https:\/\/zighed.com\/wp-content\/uploads\/2012\/03\/Capture-d\u2019\u00e9cran-2012-03-25-\u00e0-21.07.51-300x202.png 300w, https:\/\/zighed.com\/wp-content\/uploads\/2012\/03\/Capture-d\u2019\u00e9cran-2012-03-25-\u00e0-21.07.51.png 305w\" sizes=\"(max-width: 300px) 100vw, 300px\" \/><\/a>\u00a0<strong><a href=\"www.fluresp.eu\">Evaluation co\u00fbt-efficacit\u00e9 de l&rsquo;alerte pand\u00e9mique humaine en Europe et les strat\u00e9gies d&rsquo;intervention<\/a><\/strong>. \u00a0Il s&rsquo;agit de construire des outils de simulation et d&rsquo;analyse de diff\u00e9rents sc\u00e9narios possibles de pand\u00e9mies grippales \u00e0 l&rsquo;\u00e9chelle de l&rsquo;Europe. Cette recherche vise donc \u00e0 fournir aux Etats membres de l&rsquo;Europe les outils d&rsquo;analyse, en termes de co\u00fbt-efficacit\u00e9, pour r\u00e9pondre au mieux \u00e0 diff\u00e9rents menaces \u00a0de pand\u00e9mie de grippe.<\/p>\n<h2 style=\"text-align: justify;\">Partenaires<\/h2>\n<p style=\"text-align: justify;\">Il s&rsquo;agit de 8 partenaires europ\u00e9ens : France, Italie, Hongrie, Angleterre, Pologne, Espagne, Gr\u00e8ce et Roumanie.<\/p>\n<h2 style=\"text-align: justify;\">Financement<\/h2>\n<p style=\"text-align: justify;\">Financement par la Commission Europ\u00e9enne via la DG SANCO Luxembourg.<\/p>\n<div style=\"text-align: justify;\"><\/div>\n<p style=\"text-align: justify;\">\n","protected":false},"excerpt":{"rendered":"<p>1. Infonomics Ressource Facility (IRF) R\u00e9sum\u00e9 L\u2019acquisition de donn\u00e9es, leur gestion, leur traitement sont en pleine r\u00e9volution avec les r\u00e9cents d\u00e9veloppements des Sciences et Technologies de l\u2019Information et de la Communication (ICT) et des capacit\u00e9s de calculs disponibles depuis quelques ann\u00e9es \u00e0 des co\u00fbts accessibles. Cette r\u00e9volution devrait atteindre positivement les Sciences de l\u2019Homme et [&hellip;]<\/p>\n","protected":false},"author":1,"featured_media":0,"parent":48,"menu_order":0,"comment_status":"closed","ping_status":"open","template":"","meta":[],"_links":{"self":[{"href":"https:\/\/zighed.com\/index.php?rest_route=\/wp\/v2\/pages\/265"}],"collection":[{"href":"https:\/\/zighed.com\/index.php?rest_route=\/wp\/v2\/pages"}],"about":[{"href":"https:\/\/zighed.com\/index.php?rest_route=\/wp\/v2\/types\/page"}],"author":[{"embeddable":true,"href":"https:\/\/zighed.com\/index.php?rest_route=\/wp\/v2\/users\/1"}],"replies":[{"embeddable":true,"href":"https:\/\/zighed.com\/index.php?rest_route=%2Fwp%2Fv2%2Fcomments&post=265"}],"version-history":[{"count":31,"href":"https:\/\/zighed.com\/index.php?rest_route=\/wp\/v2\/pages\/265\/revisions"}],"predecessor-version":[{"id":712,"href":"https:\/\/zighed.com\/index.php?rest_route=\/wp\/v2\/pages\/265\/revisions\/712"}],"up":[{"embeddable":true,"href":"https:\/\/zighed.com\/index.php?rest_route=\/wp\/v2\/pages\/48"}],"wp:attachment":[{"href":"https:\/\/zighed.com\/index.php?rest_route=%2Fwp%2Fv2%2Fmedia&parent=265"}],"curies":[{"name":"wp","href":"https:\/\/api.w.org\/{rel}","templated":true}]}}